{"id":16622,"date":"2024-09-19T07:50:46","date_gmt":"2024-09-19T07:50:46","guid":{"rendered":"https:\/\/terrera.my-new.page\/impressum\/"},"modified":"2024-09-19T07:50:46","modified_gmt":"2024-09-19T07:50:46","slug":"impressum","status":"publish","type":"page","link":"https:\/\/terrera.my-new.page\/es\/impressum\/","title":{"rendered":"imprimir"},"content":{"rendered":"<!-- Legal document generated by Complianz | GDPR\/CCPA Cookie Consent https:\/\/wordpress.org\/plugins\/complianz-gdpr -->\n<div id=\"cmplz-document\" class=\"cmplz-document impressum cmplz-document-all\"><p><i>This imprint was last updated on febrero 12, 2025.<\/i><\/p><p class=\"cmplz-subtitle\">El propietario de este sitio web es:<\/p><p>Terrera AG<br>Calle Schlossstr. 19<br \/>\nD-82031 Gr\u00fcnwald<br>Alemania<br>Email:&nbsp;i&#110;fo&#064;t&#101;rr&#101;&#114;&#097;&#046;&#097;g<br>N\u00famero de tel\u00e9fono: +49 6474 2744 -16<br>N\u00famero de IVA: DE311205524<\/p><p class=\"cmplz-subtitle\">El\/los representante(s) legal(es) de Terrera AG:<\/p><p>Se\u00f1or Michael Lenz<\/p><h2>1er General<\/h2><p class=\"cmplz-subtitle\">1.1 Estamos registrados en el Amtsgericht M\u00fcnchen con el n\u00famero de licencia o registro:<\/p><p>HRB-293323<\/p><p>No estamos dispuestos ni obligados a participar en procedimientos de resoluci\u00f3n de disputas ante una junta de arbitraje de consumo.<\/p><h2>2. La siguiente informaci\u00f3n es obligatoria seg\u00fan la legislaci\u00f3n alemana.<\/h2><p class=\"cmplz-subtitle\">2.1 Las acciones de propiedad de la Compa\u00f1\u00eda (capital social) emitidas por ella:<\/p><p>50.000,00 \u20ac<\/p><h2>3. Informaci\u00f3n adicional<\/h2><p>N.\u00ba EORI: DE702408165639935<br \/>\nC\u00f3digo de operador de la UIT: TERGER<br \/>\n<br \/>\nTel\u00e9fono: +49 64742744 - 63<br \/>\n <\/p><\/div>","protected":false},"excerpt":{"rendered":"","protected":false},"author":1,"featured_media":0,"parent":0,"menu_order":0,"comment_status":"closed","ping_status":"closed","template":"","meta":{"footnotes":""},"class_list":["post-16622","page","type-page","status-publish","hentry"],"_links":{"self":[{"href":"https:\/\/terrera.my-new.page\/es\/wp-json\/wp\/v2\/pages\/16622","targetHints":{"allow":["GET"]}}],"collection":[{"href":"https:\/\/terrera.my-new.page\/es\/wp-json\/wp\/v2\/pages"}],"about":[{"href":"https:\/\/terrera.my-new.page\/es\/wp-json\/wp\/v2\/types\/page"}],"author":[{"embeddable":true,"href":"https:\/\/terrera.my-new.page\/es\/wp-json\/wp\/v2\/users\/1"}],"replies":[{"embeddable":true,"href":"https:\/\/terrera.my-new.page\/es\/wp-json\/wp\/v2\/comments?post=16622"}],"version-history":[{"count":0,"href":"https:\/\/terrera.my-new.page\/es\/wp-json\/wp\/v2\/pages\/16622\/revisions"}],"wp:attachment":[{"href":"https:\/\/terrera.my-new.page\/es\/wp-json\/wp\/v2\/media?parent=16622"}],"curies":[{"name":"wp","href":"https:\/\/api.w.org\/{rel}","templated":true}]}}