{"id":16616,"date":"2024-09-19T07:50:46","date_gmt":"2024-09-19T07:50:46","guid":{"rendered":"https:\/\/terrera.my-new.page\/cookie-richtlinie-eu\/"},"modified":"2024-09-19T07:50:46","modified_gmt":"2024-09-19T07:50:46","slug":"cookie-richtlinie-eu","status":"publish","type":"page","link":"https:\/\/terrera.my-new.page\/es\/cookie-richtlinie-eu\/","title":{"rendered":"Directiva sobre cookies (UE)"},"content":{"rendered":"<!-- Legal document generated by Complianz | GDPR\/CCPA Cookie Consent https:\/\/wordpress.org\/plugins\/complianz-gdpr -->\n<div id=\"cmplz-document\" class=\"cmplz-document cookie-statement cmplz-document-eu\"><p><i>This Cookie Policy was last updated on febrero 12, 2025 and applies to citizens and legal permanent residents of the European Economic Area and Switzerland.<\/i><br><\/p><h2>1. Introducci\u00f3n<\/h2><p>Nuestro sitio web, <a href=\"https:\/\/terrera.my-new.page\/es\">https:\/\/terrera.my-new.page\/es<\/a> (en adelante: \u201cel sitio web\u201d) utiliza cookies y otras tecnolog\u00edas relacionadas (para mayor comodidad, todas las tecnolog\u00edas se denominan \u201ccookies\u201d). Las cookies tambi\u00e9n son colocadas por terceros que hemos contratado. En el siguiente documento le informamos sobre el uso de cookies en nuestro sitio web.<\/p><h2>2. \u00bfQu\u00e9 son las cookies?<\/h2><p>Una cookie es un peque\u00f1o archivo simple que se env\u00eda junto con las p\u00e1ginas de este sitio web y que su navegador almacena en el disco duro de su computadora u otro dispositivo. La informaci\u00f3n all\u00ed almacenada podr\u00e1 ser devuelta a nuestros servidores o a los servidores de terceros relevantes durante una visita posterior.<\/p><h2>3. \u00bfQu\u00e9 son los scripts?<\/h2><p>Un script es un fragmento de c\u00f3digo de programa que se utiliza para que nuestro sitio web funcione correctamente y de forma interactiva. Este c\u00f3digo se ejecuta en nuestro servidor o en su dispositivo.<\/p><h2>4. \u00bfQu\u00e9 es una baliza web?<\/h2><p>Una baliza web (o etiqueta de p\u00edxel) es un fragmento de texto o imagen peque\u00f1o e invisible en un sitio web que se utiliza para monitorear el tr\u00e1fico en un sitio web. Para ello, se almacenan diversos datos sobre usted mediante balizas web.<\/p><h2>5. Galletas<\/h2><p class=\"cmplz-subtitle\">5.1 Cookies t\u00e9cnicas o funcionales<\/p><p>Algunas cookies garantizan que ciertas partes del sitio web funcionen correctamente y que sus preferencias de usuario se mantengan registradas. Al colocar cookies funcionales, le facilitamos la visita a nuestro sitio web. De esta forma, no es necesario que introduzcas repetidamente la misma informaci\u00f3n cuando visites nuestro sitio web y, por ejemplo, los art\u00edculos permanecen en tu cesta de compra hasta que hayas pagado. Podemos colocar estas cookies sin su consentimiento.<\/p><p class=\"cmplz-subtitle\">5.2 Cookies de marketing\/seguimiento<\/p><p>Las cookies de marketing\/seguimiento son cookies o cualquier otra forma de almacenamiento local, utilizadas para crear perfiles de usuario para mostrar publicidad o para rastrear al usuario en este sitio web o en varios sitios web con fines de marketing similares.<\/p><h2>6. Cookies utilizadas<\/h2><div id=\"cmplz-cookies-overview\"><details class=\"cmplz-dropdown cmplz-service-desc cmplz-dropdown-cookiepolicy\">\n\t<summary class=\"cmplz-service-header\"><div>\n\t\t<h3>Complianz<\/h3>\n\t\t<p>Purpose pending investigation<\/p>\n\t\t<label for=\"cmplz_service_complianz\" class=\"cmplz_consent_per_service_label\"><span class=\"screen-reader-text\">Consent to service complianz<\/span><\/label>\n\t\t<input type=\"checkbox\" id=\"cmplz_service_complianz\" class=\"cmplz-accept-service\" data-service=\"complianz\" data-category=\"functional\"><\/div>\n\t<\/summary>\n\t<div class=\"cmplz-service-description\">\n\t\t<h4>Usage<\/h4>\n\t\t<p>We use Complianz for gesti\u00f3n del consentimiento de cookies. <a target=\"_blank\" rel=\"noopener noreferrer nofollow\" href=\"https:\/\/cookiedatabase.org\/service\/complianz\/\">Read more<\/a><\/p>\n\t<\/div>\n\t<div class=\"cmplz-sharing-data\">\n\t\t<h4>Sharing data<\/h4>\n\t\t<p>This data is not shared with third parties.&nbsp;For more information, please read the <a target=\"_blank\" rel=\"noopener noreferrer\" href=\"https:\/\/complianz.io\/legal\/privacy-statement\/\">Complianz Privacy Statement<\/a>.<\/p>\n\t<\/div>\n\t<div class=\"cookies-per-purpose\">\n    <div class=\"purpose\"><h4>Purpose pending investigation<\/h4><\/div>\n    <div class=\"name-header\">\n\t<h5>Nombre<\/h5>\n<\/div>\n<div class=\"name\"><a target=\"_blank\" rel=\"noopener noreferrer nofollow\" href=\"https:\/\/cookiedatabase.org\/cookie\/complianz\/cmplz_id\/\">cmplz_id<\/a><\/div>\n<div class=\"retention-header\">\n\t<h5>Caducidad<\/h5>\n<\/div>\n<div class=\"retention\">365 days<\/div>\n<div class=\"function-header\">\n\t<h5>Function<\/h5>\n<\/div>\n<div class=\"function\"><\/div>\n<div class=\"name-header\">\n\t<h5>Nombre<\/h5>\n<\/div>\n<div class=\"name\"><a target=\"_blank\" rel=\"noopener noreferrer nofollow\" href=\"https:\/\/cookiedatabase.org\/cookie\/complianz\/cmplz_user_data\/\">cmplz_user_data<\/a><\/div>\n<div class=\"retention-header\">\n\t<h5>Caducidad<\/h5>\n<\/div>\n<div class=\"retention\">365 days<\/div>\n<div class=\"function-header\">\n\t<h5>Function<\/h5>\n<\/div>\n<div class=\"function\"><\/div>\n\n<\/div>\n<\/details>\n<details class=\"cmplz-dropdown cmplz-service-desc cmplz-dropdown-cookiepolicy\">\n\t<summary class=\"cmplz-service-header\"><div>\n\t\t<h3>Google Fonts<\/h3>\n\t\t<p>Purpose pending investigation<\/p>\n\t\t<label for=\"cmplz_service_google-fonts\" class=\"cmplz_consent_per_service_label\"><span class=\"screen-reader-text\">Consent to service google-fonts<\/span><\/label>\n\t\t<input type=\"checkbox\" id=\"cmplz_service_google-fonts\" class=\"cmplz-accept-service\" data-service=\"google-fonts\" data-category=\"functional\"><\/div>\n\t<\/summary>\n\t<div class=\"cmplz-service-description\">\n\t\t<h4>Usage<\/h4>\n\t\t<p><\/p>\n\t<\/div>\n\t<div class=\"cmplz-sharing-data\">\n\t\t<h4>Sharing data<\/h4>\n\t\t<p>This data is not shared with third parties.<\/p>\n\t<\/div>\n\t<div class=\"cookies-per-purpose\">\n    <div class=\"purpose\"><h4>Purpose pending investigation<\/h4><\/div>\n    <div class=\"name-header\">\n\t<h5>Nombre<\/h5>\n<\/div>\n<div class=\"name\">Google Fonts API<\/div>\n<div class=\"retention-header\">\n\t<h5>Caducidad<\/h5>\n<\/div>\n<div class=\"retention\"><\/div>\n<div class=\"function-header\">\n\t<h5>Function<\/h5>\n<\/div>\n<div class=\"function\"><\/div>\n\n<\/div>\n<\/details>\n<details class=\"cmplz-dropdown cmplz-service-desc cmplz-dropdown-cookiepolicy\">\n\t<summary class=\"cmplz-service-header\"><div>\n\t\t<h3>Google reCAPTCHA<\/h3>\n\t\t<p>Purpose pending investigation<\/p>\n\t\t<label for=\"cmplz_service_google-recaptcha\" class=\"cmplz_consent_per_service_label\"><span class=\"screen-reader-text\">Consent to service google-recaptcha<\/span><\/label>\n\t\t<input type=\"checkbox\" id=\"cmplz_service_google-recaptcha\" class=\"cmplz-accept-service\" data-service=\"google-recaptcha\" data-category=\"functional\"><\/div>\n\t<\/summary>\n\t<div class=\"cmplz-service-description\">\n\t\t<h4>Usage<\/h4>\n\t\t<p><\/p>\n\t<\/div>\n\t<div class=\"cmplz-sharing-data\">\n\t\t<h4>Sharing data<\/h4>\n\t\t<p>This data is not shared with third parties.<\/p>\n\t<\/div>\n\t<div class=\"cookies-per-purpose\">\n    <div class=\"purpose\"><h4>Purpose pending investigation<\/h4><\/div>\n    <div class=\"name-header\">\n\t<h5>Nombre<\/h5>\n<\/div>\n<div class=\"name\">rc::c<\/div>\n<div class=\"retention-header\">\n\t<h5>Caducidad<\/h5>\n<\/div>\n<div class=\"retention\"><\/div>\n<div class=\"function-header\">\n\t<h5>Function<\/h5>\n<\/div>\n<div class=\"function\"><\/div>\n<div class=\"name-header\">\n\t<h5>Nombre<\/h5>\n<\/div>\n<div class=\"name\">rc::b<\/div>\n<div class=\"retention-header\">\n\t<h5>Caducidad<\/h5>\n<\/div>\n<div class=\"retention\"><\/div>\n<div class=\"function-header\">\n\t<h5>Function<\/h5>\n<\/div>\n<div class=\"function\"><\/div>\n<div class=\"name-header\">\n\t<h5>Nombre<\/h5>\n<\/div>\n<div class=\"name\">rc::a<\/div>\n<div class=\"retention-header\">\n\t<h5>Caducidad<\/h5>\n<\/div>\n<div class=\"retention\"><\/div>\n<div class=\"function-header\">\n\t<h5>Function<\/h5>\n<\/div>\n<div class=\"function\"><\/div>\n\n<\/div>\n<\/details>\n<details class=\"cmplz-dropdown cmplz-service-desc cmplz-dropdown-cookiepolicy\">\n\t<summary class=\"cmplz-service-header\"><div>\n\t\t<h3>Miscellaneous<\/h3>\n\t\t<p>Purpose pending investigation<\/p>\n\t\t<label for=\"cmplz_service_miscellaneous\" class=\"cmplz_consent_per_service_label\"><span class=\"screen-reader-text\">Consent to service miscellaneous<\/span><\/label>\n\t\t<input type=\"checkbox\" id=\"cmplz_service_miscellaneous\" class=\"cmplz-accept-service cmplz-hidden\" data-service=\"miscellaneous\" data-category=\"functional\"><\/div>\n\t<\/summary>\n\t<div class=\"cmplz-service-description\">\n\t\t<h4>Usage<\/h4>\n\t\t<p><\/p>\n\t<\/div>\n\t<div class=\"cmplz-sharing-data\">\n\t\t<h4>Sharing data<\/h4>\n\t\t<p>Sharing of data is pending investigation<\/p>\n\t<\/div>\n\t<div class=\"cookies-per-purpose\">\n    <div class=\"purpose\"><h4>Purpose pending investigation<\/h4><\/div>\n    <div class=\"name-header\">\n\t<h5>Nombre<\/h5>\n<\/div>\n<div class=\"name\">e_globals<\/div>\n<div class=\"retention-header\">\n\t<h5>Caducidad<\/h5>\n<\/div>\n<div class=\"retention\"><\/div>\n<div class=\"function-header\">\n\t<h5>Function<\/h5>\n<\/div>\n<div class=\"function\"><\/div>\n<div class=\"name-header\">\n\t<h5>Nombre<\/h5>\n<\/div>\n<div class=\"name\">presto-player-4<\/div>\n<div class=\"retention-header\">\n\t<h5>Caducidad<\/h5>\n<\/div>\n<div class=\"retention\"><\/div>\n<div class=\"function-header\">\n\t<h5>Function<\/h5>\n<\/div>\n<div class=\"function\"><\/div>\n<div class=\"name-header\">\n\t<h5>Nombre<\/h5>\n<\/div>\n<div class=\"name\">elementor<\/div>\n<div class=\"retention-header\">\n\t<h5>Caducidad<\/h5>\n<\/div>\n<div class=\"retention\"><\/div>\n<div class=\"function-header\">\n\t<h5>Function<\/h5>\n<\/div>\n<div class=\"function\"><\/div>\n<div class=\"name-header\">\n\t<h5>Nombre<\/h5>\n<\/div>\n<div class=\"name\">e_kit-elements-defaults<\/div>\n<div class=\"retention-header\">\n\t<h5>Caducidad<\/h5>\n<\/div>\n<div class=\"retention\"><\/div>\n<div class=\"function-header\">\n\t<h5>Function<\/h5>\n<\/div>\n<div class=\"function\"><\/div>\n<div class=\"name-header\">\n\t<h5>Nombre<\/h5>\n<\/div>\n<div class=\"name\">wpEmojiSettingsSupports<\/div>\n<div class=\"retention-header\">\n\t<h5>Caducidad<\/h5>\n<\/div>\n<div class=\"retention\"><\/div>\n<div class=\"function-header\">\n\t<h5>Function<\/h5>\n<\/div>\n<div class=\"function\"><\/div>\n<div class=\"name-header\">\n\t<h5>Nombre<\/h5>\n<\/div>\n<div class=\"name\">cmplz_saved_services<\/div>\n<div class=\"retention-header\">\n\t<h5>Caducidad<\/h5>\n<\/div>\n<div class=\"retention\">365 days<\/div>\n<div class=\"function-header\">\n\t<h5>Function<\/h5>\n<\/div>\n<div class=\"function\"><\/div>\n<div class=\"name-header\">\n\t<h5>Nombre<\/h5>\n<\/div>\n<div class=\"name\">cmplz_consented_services<\/div>\n<div class=\"retention-header\">\n\t<h5>Caducidad<\/h5>\n<\/div>\n<div class=\"retention\">365 days<\/div>\n<div class=\"function-header\">\n\t<h5>Function<\/h5>\n<\/div>\n<div class=\"function\"><\/div>\n<div class=\"name-header\">\n\t<h5>Nombre<\/h5>\n<\/div>\n<div class=\"name\">cmplz_policy_id<\/div>\n<div class=\"retention-header\">\n\t<h5>Caducidad<\/h5>\n<\/div>\n<div class=\"retention\">365 days<\/div>\n<div class=\"function-header\">\n\t<h5>Function<\/h5>\n<\/div>\n<div class=\"function\"><\/div>\n<div class=\"name-header\">\n\t<h5>Nombre<\/h5>\n<\/div>\n<div class=\"name\">cmplz_marketing<\/div>\n<div class=\"retention-header\">\n\t<h5>Caducidad<\/h5>\n<\/div>\n<div class=\"retention\">365 days<\/div>\n<div class=\"function-header\">\n\t<h5>Function<\/h5>\n<\/div>\n<div class=\"function\"><\/div>\n<div class=\"name-header\">\n\t<h5>Nombre<\/h5>\n<\/div>\n<div class=\"name\">cmplz_statistics<\/div>\n<div class=\"retention-header\">\n\t<h5>Caducidad<\/h5>\n<\/div>\n<div class=\"retention\">365 days<\/div>\n<div class=\"function-header\">\n\t<h5>Function<\/h5>\n<\/div>\n<div class=\"function\"><\/div>\n<div class=\"name-header\">\n\t<h5>Nombre<\/h5>\n<\/div>\n<div class=\"name\">cmplz_preferences<\/div>\n<div class=\"retention-header\">\n\t<h5>Caducidad<\/h5>\n<\/div>\n<div class=\"retention\">365 days<\/div>\n<div class=\"function-header\">\n\t<h5>Function<\/h5>\n<\/div>\n<div class=\"function\"><\/div>\n<div class=\"name-header\">\n\t<h5>Nombre<\/h5>\n<\/div>\n<div class=\"name\">cmplz_functional<\/div>\n<div class=\"retention-header\">\n\t<h5>Caducidad<\/h5>\n<\/div>\n<div class=\"retention\">365 days<\/div>\n<div class=\"function-header\">\n\t<h5>Function<\/h5>\n<\/div>\n<div class=\"function\"><\/div>\n<div class=\"name-header\">\n\t<h5>Nombre<\/h5>\n<\/div>\n<div class=\"name\">_wpfuuid<\/div>\n<div class=\"retention-header\">\n\t<h5>Caducidad<\/h5>\n<\/div>\n<div class=\"retention\"><\/div>\n<div class=\"function-header\">\n\t<h5>Function<\/h5>\n<\/div>\n<div class=\"function\"><\/div>\n<div class=\"name-header\">\n\t<h5>Nombre<\/h5>\n<\/div>\n<div class=\"name\">wp-settings-1<\/div>\n<div class=\"retention-header\">\n\t<h5>Caducidad<\/h5>\n<\/div>\n<div class=\"retention\"><\/div>\n<div class=\"function-header\">\n\t<h5>Function<\/h5>\n<\/div>\n<div class=\"function\"><\/div>\n<div class=\"name-header\">\n\t<h5>Nombre<\/h5>\n<\/div>\n<div class=\"name\">wp-settings-time-1<\/div>\n<div class=\"retention-header\">\n\t<h5>Caducidad<\/h5>\n<\/div>\n<div class=\"retention\"><\/div>\n<div class=\"function-header\">\n\t<h5>Function<\/h5>\n<\/div>\n<div class=\"function\"><\/div>\n<div class=\"name-header\">\n\t<h5>Nombre<\/h5>\n<\/div>\n<div class=\"name\">cmplz_saved_categories<\/div>\n<div class=\"retention-header\">\n\t<h5>Caducidad<\/h5>\n<\/div>\n<div class=\"retention\">365 days<\/div>\n<div class=\"function-header\">\n\t<h5>Function<\/h5>\n<\/div>\n<div class=\"function\"><\/div>\n<div class=\"name-header\">\n\t<h5>Nombre<\/h5>\n<\/div>\n<div class=\"name\">wordpress_logged_in_ca13bfbf498a2d3088b695ea2e206822<\/div>\n<div class=\"retention-header\">\n\t<h5>Caducidad<\/h5>\n<\/div>\n<div class=\"retention\"><\/div>\n<div class=\"function-header\">\n\t<h5>Function<\/h5>\n<\/div>\n<div class=\"function\"><\/div>\n<div class=\"name-header\">\n\t<h5>Nombre<\/h5>\n<\/div>\n<div class=\"name\">adobeCleanFontAdded<\/div>\n<div class=\"retention-header\">\n\t<h5>Caducidad<\/h5>\n<\/div>\n<div class=\"retention\"><\/div>\n<div class=\"function-header\">\n\t<h5>Function<\/h5>\n<\/div>\n<div class=\"function\"><\/div>\n<div class=\"name-header\">\n\t<h5>Nombre<\/h5>\n<\/div>\n<div class=\"name\">wordpress_test_cookie<\/div>\n<div class=\"retention-header\">\n\t<h5>Caducidad<\/h5>\n<\/div>\n<div class=\"retention\"><\/div>\n<div class=\"function-header\">\n\t<h5>Function<\/h5>\n<\/div>\n<div class=\"function\"><\/div>\n\n<\/div>\n<\/details>\n<\/div><h2>7. Consent<\/h2><p>Cuando visite nuestro sitio web por primera vez, le mostraremos una ventana emergente con una explicaci\u00f3n sobre las cookies. Tan pronto como haga clic en &quot;Guardar preferencias&quot;, usted acepta que usemos las categor\u00edas de cookies y complementos que haya seleccionado en la ventana emergente, tal y como se describe en esta Pol\u00edtica de cookies. Puede desactivar el uso de cookies a trav\u00e9s de su navegador, pero tenga en cuenta que nuestro sitio web puede dejar de funcionar correctamente.<\/p><p class=\"cmplz-subtitle\">7.1 Gestiona tu configuraci\u00f3n de consentimiento<\/p><div id=\"cmplz-manage-consent-container-nojavascript\">You have loaded the Cookie Policy without javascript support.&nbsp;On AMP, you can use the manage consent button on the bottom of the page.<\/div><div id=\"cmplz-manage-consent-container\" class=\"cmplz-manage-consent-container\"><\/div><h2>8. Habilitaci\u00f3n, deshabilitaci\u00f3n y eliminaci\u00f3n de cookies<\/h2><p>Puede utilizar su navegador de Internet para eliminar las cookies de forma autom\u00e1tica o manual. Tambi\u00e9n puede especificar que no se coloquen determinadas cookies. Otra opci\u00f3n es cambiar la configuraci\u00f3n de su navegador de Internet para que reciba un mensaje cada vez que se coloque una cookie. Para obtener m\u00e1s informaci\u00f3n sobre estas opciones, consulte las instrucciones de la secci\u00f3n de Ayuda de su navegador.<\/p><p>Tenga en cuenta que nuestro sitio web puede no funcionar correctamente si todas las cookies est\u00e1n desactivadas. Si borra las cookies de su navegador, se volver\u00e1n a colocar despu\u00e9s de su consentimiento cuando vuelva a visitar nuestro sitio web.<\/p><h2>9. Sus derechos con respecto a los datos personales<\/h2><p>Usted tiene los siguientes derechos con respecto a sus datos personales:<\/p><ul>\n                    <li>Tiene derecho a saber por qu\u00e9 se necesitan sus datos personales, qu\u00e9 pasar\u00e1 con ellos y durante cu\u00e1nto tiempo se conservar\u00e1n.<\/li>\n                    <li>Derecho de acceso: Usted tiene derecho a acceder a sus datos personales que conocemos.<\/li>\n                    <li>Derecho de rectificaci\u00f3n: tienes derecho a completar, corregir, suprimir o bloquear tus datos personales cuando lo desees.<\/li>\n                    <li>Si nos da su consentimiento para procesar sus datos, tiene derecho a revocar dicho consentimiento y a eliminar sus datos personales.<\/li>\n                    <li>Derecho a la portabilidad de tus datos: tienes derecho a solicitar al responsable del tratamiento todos tus datos personales y transferirlos \u00edntegramente a otro responsable del tratamiento.<\/li>\n                    <li>Derecho de oposici\u00f3n: usted podr\u00e1 oponerse al tratamiento de sus datos. Cumplimos con esto, a menos que existan motivos justificados para el procesamiento.<\/li>\n                <\/ul><p>Para ejercer estos derechos, por favor cont\u00e1ctenos. Por favor consulte los datos de contacto al final de esta Pol\u00edtica de Cookies. Si tiene alguna queja sobre c\u00f3mo manejamos sus datos, nos gustar\u00eda saberlo, pero tambi\u00e9n tiene derecho a presentar una queja ante la autoridad supervisora (la Autoridad de Protecci\u00f3n de Datos).<\/p><h2>10. Datos de contacto<\/h2><p>Para preguntas y\/o comentarios sobre nuestra Pol\u00edtica de Cookies y esta declaraci\u00f3n, cont\u00e1ctenos utilizando los siguientes datos de contacto:<\/p><p><span class=\"cmplz-contact-organisation\">Terrera<\/span><br>\n                      <span class=\"cmplz-contact-address\">Calle Schlossstr. 19<br \/>\nD-82031 Gr\u00fcnwald<\/span><br>\n                      <span class=\"cmplz-contact-country\">Alemania<\/span><br>\n                    Sitio web: <span class=\"cmplz-contact-domain\"><a href=\"https:\/\/terrera.my-new.page\/es\">https:\/\/terrera.my-new.page\/es<\/a><\/span><br>\n                    Correo electr\u00f3nico: <span class=\"cmplz-contact-email\">info@terrera.ag<\/span><br>\n                    <span class=\"cmplz-contact-telephone\">N\u00famero de tel\u00e9fono: +49 6474 2744 -16<\/span><\/p><p>Esta Pol\u00edtica de Cookies se sincroniz\u00f3 con <a href=\"https:\/\/cookiedatabase.org\/\" target=\"_blank\">basededatosdecookies.org<\/a> on abril 2, 2026.<\/p><\/div>","protected":false},"excerpt":{"rendered":"","protected":false},"author":1,"featured_media":0,"parent":0,"menu_order":0,"comment_status":"closed","ping_status":"closed","template":"","meta":{"footnotes":""},"class_list":["post-16616","page","type-page","status-publish","hentry"],"_links":{"self":[{"href":"https:\/\/terrera.my-new.page\/es\/wp-json\/wp\/v2\/pages\/16616","targetHints":{"allow":["GET"]}}],"collection":[{"href":"https:\/\/terrera.my-new.page\/es\/wp-json\/wp\/v2\/pages"}],"about":[{"href":"https:\/\/terrera.my-new.page\/es\/wp-json\/wp\/v2\/types\/page"}],"author":[{"embeddable":true,"href":"https:\/\/terrera.my-new.page\/es\/wp-json\/wp\/v2\/users\/1"}],"replies":[{"embeddable":true,"href":"https:\/\/terrera.my-new.page\/es\/wp-json\/wp\/v2\/comments?post=16616"}],"version-history":[{"count":0,"href":"https:\/\/terrera.my-new.page\/es\/wp-json\/wp\/v2\/pages\/16616\/revisions"}],"wp:attachment":[{"href":"https:\/\/terrera.my-new.page\/es\/wp-json\/wp\/v2\/media?parent=16616"}],"curies":[{"name":"wp","href":"https:\/\/api.w.org\/{rel}","templated":true}]}}